{"id":1630,"date":"2019-08-05T11:42:06","date_gmt":"2019-08-05T15:42:06","guid":{"rendered":"https:\/\/blondinfortin.ca\/beta\/bruno-blondin\/"},"modified":"2019-08-11T12:18:49","modified_gmt":"2019-08-11T16:18:49","slug":"bruno-blondin","status":"publish","type":"page","link":"https:\/\/blondinfortin.ca\/en\/team\/bruno-blondin\/","title":{"rendered":"Bruno Blondin"},"content":{"rendered":"\t\t<div data-elementor-type=\"wp-post\" data-elementor-id=\"1630\" class=\"elementor elementor-1630 elementor-597\" data-elementor-post-type=\"page\">\n\t\t\t\t\t\t\t\t\t<section data-particle_enable=\"false\" data-particle-mobile-disabled=\"false\" class=\"elementor-section elementor-top-section elementor-element elementor-element-105317e1 page-title elementor-section-boxed elementor-section-height-default elementor-section-height-default\" data-id=\"105317e1\" data-element_type=\"section\" data-settings=\"{&quot;jet_parallax_layout_list&quot;:[{&quot;jet_parallax_layout_image&quot;:{&quot;url&quot;:&quot;&quot;,&quot;id&quot;:&quot;&quot;,&quot;size&quot;:&quot;&quot;},&quot;_id&quot;:&quot;65c0fac&quot;,&quot;jet_parallax_layout_image_tablet&quot;:{&quot;url&quot;:&quot;&quot;,&quot;id&quot;:&quot;&quot;,&quot;size&quot;:&quot;&quot;},&quot;jet_parallax_layout_image_mobile&quot;:{&quot;url&quot;:&quot;&quot;,&quot;id&quot;:&quot;&quot;,&quot;size&quot;:&quot;&quot;},&quot;jet_parallax_layout_speed&quot;:{&quot;unit&quot;:&quot;%&quot;,&quot;size&quot;:50,&quot;sizes&quot;:[]},&quot;jet_parallax_layout_type&quot;:&quot;scroll&quot;,&quot;jet_parallax_layout_z_index&quot;:&quot;&quot;,&quot;jet_parallax_layout_bg_x&quot;:50,&quot;jet_parallax_layout_bg_y&quot;:50,&quot;jet_parallax_layout_bg_size&quot;:&quot;auto&quot;,&quot;jet_parallax_layout_animation_prop&quot;:&quot;transform&quot;,&quot;jet_parallax_layout_on&quot;:[&quot;desktop&quot;,&quot;tablet&quot;],&quot;jet_parallax_layout_direction&quot;:null,&quot;jet_parallax_layout_fx_direction&quot;:null,&quot;jet_parallax_layout_bg_x_tablet&quot;:&quot;&quot;,&quot;jet_parallax_layout_bg_x_mobile&quot;:&quot;&quot;,&quot;jet_parallax_layout_bg_y_tablet&quot;:&quot;&quot;,&quot;jet_parallax_layout_bg_y_mobile&quot;:&quot;&quot;,&quot;jet_parallax_layout_bg_size_tablet&quot;:&quot;&quot;,&quot;jet_parallax_layout_bg_size_mobile&quot;:&quot;&quot;}],&quot;background_background&quot;:&quot;classic&quot;}\">\n\t\t\t\t\t\t<div class=\"elementor-container elementor-column-gap-default\">\n\t\t\t\t\t<div class=\"elementor-column elementor-col-66 elementor-top-column elementor-element elementor-element-6fe7ce67\" data-id=\"6fe7ce67\" data-element_type=\"column\">\n\t\t\t<div class=\"elementor-widget-wrap elementor-element-populated\">\n\t\t\t\t\t\t\t\t<div class=\"elementor-element elementor-element-50276e8 elementor-widget elementor-widget-heading\" data-id=\"50276e8\" data-element_type=\"widget\" data-widget_type=\"heading.default\">\n\t\t\t\t<div class=\"elementor-widget-container\">\n\t\t\t<h1 class=\"elementor-heading-title elementor-size-default\"><span class=\"font-backend\">B<\/span>Bruno Blondin<\/h1>\t\t<\/div>\n\t\t\t\t<\/div>\n\t\t\t\t\t<\/div>\n\t\t<\/div>\n\t\t\t\t<div class=\"elementor-column elementor-col-33 elementor-top-column elementor-element elementor-element-791e3e8a\" data-id=\"791e3e8a\" data-element_type=\"column\">\n\t\t\t<div class=\"elementor-widget-wrap elementor-element-populated\">\n\t\t\t\t\t\t\t\t<div class=\"elementor-element elementor-element-3533f727 elementor-align-right elementor-mobile-align-left elementor-widget elementor-widget-breadcrumbs\" data-id=\"3533f727\" data-element_type=\"widget\" data-widget_type=\"breadcrumbs.default\">\n\t\t\t\t<div class=\"elementor-widget-container\">\n\t\t\t<p id=\"breadcrumbs\"><span><span><a href=\"https:\/\/blondinfortin.ca\/en\/\">Home<\/a><\/span><\/span><\/p>\t\t<\/div>\n\t\t\t\t<\/div>\n\t\t\t\t\t<\/div>\n\t\t<\/div>\n\t\t\t\t\t\t\t<\/div>\n\t\t<\/section>\n\t\t\t\t<section data-particle_enable=\"false\" data-particle-mobile-disabled=\"false\" class=\"elementor-section elementor-top-section elementor-element elementor-element-de44bb9 elementor-section-boxed elementor-section-height-default elementor-section-height-default\" data-id=\"de44bb9\" data-element_type=\"section\" data-settings=\"{&quot;jet_parallax_layout_list&quot;:[{&quot;jet_parallax_layout_image&quot;:{&quot;url&quot;:&quot;&quot;,&quot;id&quot;:&quot;&quot;,&quot;size&quot;:&quot;&quot;},&quot;_id&quot;:&quot;489faa1&quot;,&quot;jet_parallax_layout_image_tablet&quot;:{&quot;url&quot;:&quot;&quot;,&quot;id&quot;:&quot;&quot;,&quot;size&quot;:&quot;&quot;},&quot;jet_parallax_layout_image_mobile&quot;:{&quot;url&quot;:&quot;&quot;,&quot;id&quot;:&quot;&quot;,&quot;size&quot;:&quot;&quot;},&quot;jet_parallax_layout_speed&quot;:{&quot;unit&quot;:&quot;%&quot;,&quot;size&quot;:50,&quot;sizes&quot;:[]},&quot;jet_parallax_layout_type&quot;:&quot;scroll&quot;,&quot;jet_parallax_layout_z_index&quot;:&quot;&quot;,&quot;jet_parallax_layout_bg_x&quot;:50,&quot;jet_parallax_layout_bg_y&quot;:50,&quot;jet_parallax_layout_bg_size&quot;:&quot;auto&quot;,&quot;jet_parallax_layout_animation_prop&quot;:&quot;transform&quot;,&quot;jet_parallax_layout_on&quot;:[&quot;desktop&quot;,&quot;tablet&quot;],&quot;jet_parallax_layout_direction&quot;:null,&quot;jet_parallax_layout_fx_direction&quot;:null,&quot;jet_parallax_layout_bg_x_tablet&quot;:&quot;&quot;,&quot;jet_parallax_layout_bg_x_mobile&quot;:&quot;&quot;,&quot;jet_parallax_layout_bg_y_tablet&quot;:&quot;&quot;,&quot;jet_parallax_layout_bg_y_mobile&quot;:&quot;&quot;,&quot;jet_parallax_layout_bg_size_tablet&quot;:&quot;&quot;,&quot;jet_parallax_layout_bg_size_mobile&quot;:&quot;&quot;}]}\">\n\t\t\t\t\t\t<div class=\"elementor-container elementor-column-gap-default\">\n\t\t\t\t\t<div class=\"elementor-column elementor-col-100 elementor-top-column elementor-element elementor-element-49353b93\" data-id=\"49353b93\" data-element_type=\"column\">\n\t\t\t<div class=\"elementor-widget-wrap elementor-element-populated\">\n\t\t\t\t\t\t\t\t<div class=\"elementor-element elementor-element-4ed58238 elementor-widget elementor-widget-heading\" data-id=\"4ed58238\" data-element_type=\"widget\" data-widget_type=\"heading.default\">\n\t\t\t\t<div class=\"elementor-widget-container\">\n\t\t\t<h2 class=\"elementor-heading-title elementor-size-default\">president<\/h2>\t\t<\/div>\n\t\t\t\t<\/div>\n\t\t\t\t<div class=\"elementor-element elementor-element-32bfae29 elementor-widget elementor-widget-spacer\" data-id=\"32bfae29\" data-element_type=\"widget\" data-widget_type=\"spacer.default\">\n\t\t\t\t<div class=\"elementor-widget-container\">\n\t\t\t\t\t<div class=\"elementor-spacer\">\n\t\t\t<div class=\"elementor-spacer-inner\"><\/div>\n\t\t<\/div>\n\t\t\t\t<\/div>\n\t\t\t\t<\/div>\n\t\t\t\t\t<\/div>\n\t\t<\/div>\n\t\t\t\t\t\t\t<\/div>\n\t\t<\/section>\n\t\t\t\t<section data-particle_enable=\"false\" data-particle-mobile-disabled=\"false\" class=\"elementor-section elementor-top-section elementor-element elementor-element-30ee9134 elementor-section-height-min-height elementor-section-boxed elementor-section-height-default elementor-section-items-middle\" data-id=\"30ee9134\" data-element_type=\"section\" data-settings=\"{&quot;jet_parallax_layout_list&quot;:[{&quot;jet_parallax_layout_image&quot;:{&quot;url&quot;:&quot;&quot;,&quot;id&quot;:&quot;&quot;,&quot;size&quot;:&quot;&quot;},&quot;_id&quot;:&quot;4cc6cf0&quot;,&quot;jet_parallax_layout_image_tablet&quot;:{&quot;url&quot;:&quot;&quot;,&quot;id&quot;:&quot;&quot;,&quot;size&quot;:&quot;&quot;},&quot;jet_parallax_layout_image_mobile&quot;:{&quot;url&quot;:&quot;&quot;,&quot;id&quot;:&quot;&quot;,&quot;size&quot;:&quot;&quot;},&quot;jet_parallax_layout_speed&quot;:{&quot;unit&quot;:&quot;%&quot;,&quot;size&quot;:50,&quot;sizes&quot;:[]},&quot;jet_parallax_layout_type&quot;:&quot;scroll&quot;,&quot;jet_parallax_layout_z_index&quot;:&quot;&quot;,&quot;jet_parallax_layout_bg_x&quot;:50,&quot;jet_parallax_layout_bg_y&quot;:50,&quot;jet_parallax_layout_bg_size&quot;:&quot;auto&quot;,&quot;jet_parallax_layout_animation_prop&quot;:&quot;transform&quot;,&quot;jet_parallax_layout_on&quot;:[&quot;desktop&quot;,&quot;tablet&quot;],&quot;jet_parallax_layout_direction&quot;:null,&quot;jet_parallax_layout_fx_direction&quot;:null,&quot;jet_parallax_layout_bg_x_tablet&quot;:&quot;&quot;,&quot;jet_parallax_layout_bg_x_mobile&quot;:&quot;&quot;,&quot;jet_parallax_layout_bg_y_tablet&quot;:&quot;&quot;,&quot;jet_parallax_layout_bg_y_mobile&quot;:&quot;&quot;,&quot;jet_parallax_layout_bg_size_tablet&quot;:&quot;&quot;,&quot;jet_parallax_layout_bg_size_mobile&quot;:&quot;&quot;}]}\">\n\t\t\t\t\t\t<div class=\"elementor-container elementor-column-gap-default\">\n\t\t\t\t\t<div class=\"elementor-column elementor-col-100 elementor-top-column elementor-element elementor-element-42df3c37\" data-id=\"42df3c37\" data-element_type=\"column\">\n\t\t\t<div class=\"elementor-widget-wrap elementor-element-populated\">\n\t\t\t\t\t\t\t\t<section data-particle_enable=\"false\" data-particle-mobile-disabled=\"false\" class=\"elementor-section elementor-inner-section elementor-element elementor-element-6095814d elementor-section-height-min-height elementor-section-boxed elementor-section-height-default\" data-id=\"6095814d\" data-element_type=\"section\" data-settings=\"{&quot;jet_parallax_layout_list&quot;:[{&quot;jet_parallax_layout_image&quot;:{&quot;url&quot;:&quot;&quot;,&quot;id&quot;:&quot;&quot;,&quot;size&quot;:&quot;&quot;},&quot;_id&quot;:&quot;5ce2ed7&quot;,&quot;jet_parallax_layout_image_tablet&quot;:{&quot;url&quot;:&quot;&quot;,&quot;id&quot;:&quot;&quot;,&quot;size&quot;:&quot;&quot;},&quot;jet_parallax_layout_image_mobile&quot;:{&quot;url&quot;:&quot;&quot;,&quot;id&quot;:&quot;&quot;,&quot;size&quot;:&quot;&quot;},&quot;jet_parallax_layout_speed&quot;:{&quot;unit&quot;:&quot;%&quot;,&quot;size&quot;:50,&quot;sizes&quot;:[]},&quot;jet_parallax_layout_type&quot;:&quot;scroll&quot;,&quot;jet_parallax_layout_z_index&quot;:&quot;&quot;,&quot;jet_parallax_layout_bg_x&quot;:50,&quot;jet_parallax_layout_bg_y&quot;:50,&quot;jet_parallax_layout_bg_size&quot;:&quot;auto&quot;,&quot;jet_parallax_layout_animation_prop&quot;:&quot;transform&quot;,&quot;jet_parallax_layout_on&quot;:[&quot;desktop&quot;,&quot;tablet&quot;],&quot;jet_parallax_layout_direction&quot;:null,&quot;jet_parallax_layout_fx_direction&quot;:null,&quot;jet_parallax_layout_bg_x_tablet&quot;:&quot;&quot;,&quot;jet_parallax_layout_bg_x_mobile&quot;:&quot;&quot;,&quot;jet_parallax_layout_bg_y_tablet&quot;:&quot;&quot;,&quot;jet_parallax_layout_bg_y_mobile&quot;:&quot;&quot;,&quot;jet_parallax_layout_bg_size_tablet&quot;:&quot;&quot;,&quot;jet_parallax_layout_bg_size_mobile&quot;:&quot;&quot;}]}\">\n\t\t\t\t\t\t<div class=\"elementor-container elementor-column-gap-default\">\n\t\t\t\t\t<div class=\"elementor-column elementor-col-50 elementor-inner-column elementor-element elementor-element-7fe49a44\" data-id=\"7fe49a44\" data-element_type=\"column\">\n\t\t\t<div class=\"elementor-widget-wrap elementor-element-populated\">\n\t\t\t\t\t\t\t\t<div class=\"elementor-element elementor-element-1c0cec43 elementor-widget elementor-widget-image\" data-id=\"1c0cec43\" data-element_type=\"widget\" data-widget_type=\"image.default\">\n\t\t\t\t<div class=\"elementor-widget-container\">\n\t\t\t\t\t\t\t\t\t\t\t\t\t\t\t<img decoding=\"async\" width=\"722\" height=\"862\" src=\"https:\/\/blondinfortin.ca\/wp-content\/uploads\/2019\/08\/BFA_page_Equipe_Individuel_Bruno-Blondin-1.jpg\" class=\"attachment-large size-large wp-image-620\" alt=\"\" loading=\"lazy\" srcset=\"https:\/\/blondinfortin.ca\/wp-content\/uploads\/2019\/08\/BFA_page_Equipe_Individuel_Bruno-Blondin-1.jpg 722w, https:\/\/blondinfortin.ca\/wp-content\/uploads\/2019\/08\/BFA_page_Equipe_Individuel_Bruno-Blondin-1-251x300.jpg 251w\" sizes=\"(max-width: 722px) 100vw, 722px\" \/>\t\t\t\t\t\t\t\t\t\t\t\t\t\t\t<\/div>\n\t\t\t\t<\/div>\n\t\t\t\t\t<\/div>\n\t\t<\/div>\n\t\t\t\t<div class=\"elementor-column elementor-col-50 elementor-inner-column elementor-element elementor-element-254271b2\" data-id=\"254271b2\" data-element_type=\"column\">\n\t\t\t<div class=\"elementor-widget-wrap elementor-element-populated\">\n\t\t\t\t\t\t\t\t<div class=\"elementor-element elementor-element-523d5a18 elementor-widget elementor-widget-heading\" data-id=\"523d5a18\" data-element_type=\"widget\" data-widget_type=\"heading.default\">\n\t\t\t\t<div class=\"elementor-widget-container\">\n\t\t\t<h2 class=\"elementor-heading-title elementor-size-default\"><span data-elementor-setting-key=\"title\" data-pen-placeholder=\"\u00c9crivez ici...\" style=\"font-size: 2rem; font-style: normal; clear: both; letter-spacing: 3px; text-align: center;\">bruno blondin, ENG. leed <\/span>aP BD+C<\/h2>\t\t<\/div>\n\t\t\t\t<\/div>\n\t\t\t\t<div class=\"elementor-element elementor-element-76dc9e0d elementor-widget elementor-widget-text-editor\" data-id=\"76dc9e0d\" data-element_type=\"widget\" data-widget_type=\"text-editor.default\">\n\t\t\t\t<div class=\"elementor-widget-container\">\n\t\t\t\t\t\t\t<p>President<\/p>\t\t\t\t\t\t<\/div>\n\t\t\t\t<\/div>\n\t\t\t\t<div class=\"elementor-element elementor-element-19b6973b elementor-widget elementor-widget-text-editor\" data-id=\"19b6973b\" data-element_type=\"widget\" data-widget_type=\"text-editor.default\">\n\t\t\t\t<div class=\"elementor-widget-container\">\n\t\t\t\t\t\t\t<p>A graduate of Montreal\u2019s \u00c9cole Polytechnique in 1990, Mr. Blondin is multidisciplinary and highly versatile. His extensive experience and significant communication skills are two of the assets that enable him to guide his clients in their decision-making. His goal is to carry out sustainable projects of the highest quality in harmony with the environment.<\/p>\t\t\t\t\t\t<\/div>\n\t\t\t\t<\/div>\n\t\t\t\t\t<\/div>\n\t\t<\/div>\n\t\t\t\t\t\t\t<\/div>\n\t\t<\/section>\n\t\t\t\t\t<\/div>\n\t\t<\/div>\n\t\t\t\t\t\t\t<\/div>\n\t\t<\/section>\n\t\t\t\t\t\t\t<\/div>\n\t\t","protected":false},"excerpt":{"rendered":"<p>BBruno Blondin president bruno blondin, ENG. leed aP BD+C President A graduate of Montreal\u2019s \u00c9cole Polytechnique in 1990, Mr. Blondin is multidisciplinary and highly versatile. His extensive experience and significant communication skills are two of the assets that enable him to guide his clients in their decision-making. His goal is to carry out sustainable projects &hellip;<\/p>\n<p class=\"read-more\"> <a class=\"\" href=\"https:\/\/blondinfortin.ca\/en\/team\/bruno-blondin\/\"> <span class=\"screen-reader-text\">Bruno Blondin<\/span> Read More &raquo;<\/a><\/p>\n","protected":false},"author":10,"featured_media":0,"parent":1635,"menu_order":0,"comment_status":"closed","ping_status":"closed","template":"","meta":{"site-sidebar-layout":"no-sidebar","site-content-layout":"page-builder","ast-global-header-display":"","ast-banner-title-visibility":"","ast-main-header-display":"","ast-hfb-above-header-display":"","ast-hfb-below-header-display":"","ast-hfb-mobile-header-display":"","site-post-title":"disabled","ast-breadcrumbs-content":"","ast-featured-img":"disabled","footer-sml-layout":"","theme-transparent-header-meta":"default","adv-header-id-meta":"","stick-header-meta":"","header-above-stick-meta":"","header-main-stick-meta":"","header-below-stick-meta":""},"acf":[],"yoast_head":"<!-- This site is optimized with the Yoast SEO plugin v20.7 - https:\/\/yoast.com\/wordpress\/plugins\/seo\/ -->\n<title>Bruno Blondin - Blondin Fortin Associ\u00e9s<\/title>\n<meta name=\"robots\" content=\"index, follow, max-snippet:-1, max-image-preview:large, max-video-preview:-1\" \/>\n<link rel=\"canonical\" href=\"https:\/\/blondinfortin.ca\/en\/team\/bruno-blondin\/\" \/>\n<meta property=\"og:locale\" content=\"en_US\" \/>\n<meta property=\"og:type\" content=\"article\" \/>\n<meta property=\"og:title\" content=\"Bruno Blondin - Blondin Fortin Associ\u00e9s\" \/>\n<meta property=\"og:description\" content=\"BBruno Blondin president bruno blondin, ENG. leed aP BD+C President A graduate of Montreal\u2019s \u00c9cole Polytechnique in 1990, Mr. Blondin is multidisciplinary and highly versatile. His extensive experience and significant communication skills are two of the assets that enable him to guide his clients in their decision-making. His goal is to carry out sustainable projects &hellip; Bruno Blondin Read More &raquo;\" \/>\n<meta property=\"og:url\" content=\"https:\/\/blondinfortin.ca\/en\/team\/bruno-blondin\/\" \/>\n<meta property=\"og:site_name\" content=\"Blondin Fortin Associ\u00e9s\" \/>\n<meta property=\"article:modified_time\" content=\"2019-08-11T16:18:49+00:00\" \/>\n<meta property=\"og:image\" content=\"https:\/\/blondinfortin.ca\/beta\/wp-content\/uploads\/2019\/08\/BFA_page_Equipe_Individuel_Bruno-Blondin-1.jpg\" \/>\n<meta name=\"twitter:card\" content=\"summary_large_image\" \/>\n<script type=\"application\/ld+json\" class=\"yoast-schema-graph\">{\"@context\":\"https:\/\/schema.org\",\"@graph\":[{\"@type\":\"WebPage\",\"@id\":\"https:\/\/blondinfortin.ca\/en\/team\/bruno-blondin\/\",\"url\":\"https:\/\/blondinfortin.ca\/en\/team\/bruno-blondin\/\",\"name\":\"Bruno Blondin - Blondin Fortin Associ\u00e9s\",\"isPartOf\":{\"@id\":\"https:\/\/blondinfortin.ca\/en\/#website\"},\"datePublished\":\"2019-08-05T15:42:06+00:00\",\"dateModified\":\"2019-08-11T16:18:49+00:00\",\"breadcrumb\":{\"@id\":\"https:\/\/blondinfortin.ca\/en\/team\/bruno-blondin\/#breadcrumb\"},\"inLanguage\":\"en-US\",\"potentialAction\":[{\"@type\":\"ReadAction\",\"target\":[\"https:\/\/blondinfortin.ca\/en\/team\/bruno-blondin\/\"]}]},{\"@type\":\"BreadcrumbList\",\"@id\":\"https:\/\/blondinfortin.ca\/en\/team\/bruno-blondin\/#breadcrumb\",\"itemListElement\":[{\"@type\":\"ListItem\",\"position\":1,\"name\":\"Home\",\"item\":\"https:\/\/blondinfortin.ca\/en\/\"},{\"@type\":\"ListItem\",\"position\":2,\"name\":\"Team\",\"item\":\"https:\/\/blondinfortin.ca\/en\/team\/\"},{\"@type\":\"ListItem\",\"position\":3,\"name\":\"Bruno Blondin\"}]},{\"@type\":\"WebSite\",\"@id\":\"https:\/\/blondinfortin.ca\/en\/#website\",\"url\":\"https:\/\/blondinfortin.ca\/en\/\",\"name\":\"Blondin Fortin Associ\u00e9s\",\"description\":\"Ing\u00e9nieurs experts-conseils en b\u00e2timent\",\"publisher\":{\"@id\":\"https:\/\/blondinfortin.ca\/en\/#organization\"},\"potentialAction\":[{\"@type\":\"SearchAction\",\"target\":{\"@type\":\"EntryPoint\",\"urlTemplate\":\"https:\/\/blondinfortin.ca\/en\/?s={search_term_string}\"},\"query-input\":\"required name=search_term_string\"}],\"inLanguage\":\"en-US\"},{\"@type\":\"Organization\",\"@id\":\"https:\/\/blondinfortin.ca\/en\/#organization\",\"name\":\"Blondin Fortin Associ\u00e9s\",\"url\":\"https:\/\/blondinfortin.ca\/en\/\",\"logo\":{\"@type\":\"ImageObject\",\"inLanguage\":\"en-US\",\"@id\":\"https:\/\/blondinfortin.ca\/en\/#\/schema\/logo\/image\/\",\"url\":\"https:\/\/blondinfortin.ca\/wp-content\/uploads\/2019\/07\/blondin-fortin-logo.jpg\",\"contentUrl\":\"https:\/\/blondinfortin.ca\/wp-content\/uploads\/2019\/07\/blondin-fortin-logo.jpg\",\"width\":255,\"height\":150,\"caption\":\"Blondin Fortin Associ\u00e9s\"},\"image\":{\"@id\":\"https:\/\/blondinfortin.ca\/en\/#\/schema\/logo\/image\/\"}}]}<\/script>\n<!-- \/ Yoast SEO plugin. -->","yoast_head_json":{"title":"Bruno Blondin - Blondin Fortin Associ\u00e9s","robots":{"index":"index","follow":"follow","max-snippet":"max-snippet:-1","max-image-preview":"max-image-preview:large","max-video-preview":"max-video-preview:-1"},"canonical":"https:\/\/blondinfortin.ca\/en\/team\/bruno-blondin\/","og_locale":"en_US","og_type":"article","og_title":"Bruno Blondin - Blondin Fortin Associ\u00e9s","og_description":"BBruno Blondin president bruno blondin, ENG. leed aP BD+C President A graduate of Montreal\u2019s \u00c9cole Polytechnique in 1990, Mr. Blondin is multidisciplinary and highly versatile. His extensive experience and significant communication skills are two of the assets that enable him to guide his clients in their decision-making. His goal is to carry out sustainable projects &hellip; Bruno Blondin Read More &raquo;","og_url":"https:\/\/blondinfortin.ca\/en\/team\/bruno-blondin\/","og_site_name":"Blondin Fortin Associ\u00e9s","article_modified_time":"2019-08-11T16:18:49+00:00","og_image":[{"url":"https:\/\/blondinfortin.ca\/beta\/wp-content\/uploads\/2019\/08\/BFA_page_Equipe_Individuel_Bruno-Blondin-1.jpg"}],"twitter_card":"summary_large_image","schema":{"@context":"https:\/\/schema.org","@graph":[{"@type":"WebPage","@id":"https:\/\/blondinfortin.ca\/en\/team\/bruno-blondin\/","url":"https:\/\/blondinfortin.ca\/en\/team\/bruno-blondin\/","name":"Bruno Blondin - Blondin Fortin Associ\u00e9s","isPartOf":{"@id":"https:\/\/blondinfortin.ca\/en\/#website"},"datePublished":"2019-08-05T15:42:06+00:00","dateModified":"2019-08-11T16:18:49+00:00","breadcrumb":{"@id":"https:\/\/blondinfortin.ca\/en\/team\/bruno-blondin\/#breadcrumb"},"inLanguage":"en-US","potentialAction":[{"@type":"ReadAction","target":["https:\/\/blondinfortin.ca\/en\/team\/bruno-blondin\/"]}]},{"@type":"BreadcrumbList","@id":"https:\/\/blondinfortin.ca\/en\/team\/bruno-blondin\/#breadcrumb","itemListElement":[{"@type":"ListItem","position":1,"name":"Home","item":"https:\/\/blondinfortin.ca\/en\/"},{"@type":"ListItem","position":2,"name":"Team","item":"https:\/\/blondinfortin.ca\/en\/team\/"},{"@type":"ListItem","position":3,"name":"Bruno Blondin"}]},{"@type":"WebSite","@id":"https:\/\/blondinfortin.ca\/en\/#website","url":"https:\/\/blondinfortin.ca\/en\/","name":"Blondin Fortin Associ\u00e9s","description":"Ing\u00e9nieurs experts-conseils en b\u00e2timent","publisher":{"@id":"https:\/\/blondinfortin.ca\/en\/#organization"},"potentialAction":[{"@type":"SearchAction","target":{"@type":"EntryPoint","urlTemplate":"https:\/\/blondinfortin.ca\/en\/?s={search_term_string}"},"query-input":"required name=search_term_string"}],"inLanguage":"en-US"},{"@type":"Organization","@id":"https:\/\/blondinfortin.ca\/en\/#organization","name":"Blondin Fortin Associ\u00e9s","url":"https:\/\/blondinfortin.ca\/en\/","logo":{"@type":"ImageObject","inLanguage":"en-US","@id":"https:\/\/blondinfortin.ca\/en\/#\/schema\/logo\/image\/","url":"https:\/\/blondinfortin.ca\/wp-content\/uploads\/2019\/07\/blondin-fortin-logo.jpg","contentUrl":"https:\/\/blondinfortin.ca\/wp-content\/uploads\/2019\/07\/blondin-fortin-logo.jpg","width":255,"height":150,"caption":"Blondin Fortin Associ\u00e9s"},"image":{"@id":"https:\/\/blondinfortin.ca\/en\/#\/schema\/logo\/image\/"}}]}},"_links":{"self":[{"href":"https:\/\/blondinfortin.ca\/en\/wp-json\/wp\/v2\/pages\/1630"}],"collection":[{"href":"https:\/\/blondinfortin.ca\/en\/wp-json\/wp\/v2\/pages"}],"about":[{"href":"https:\/\/blondinfortin.ca\/en\/wp-json\/wp\/v2\/types\/page"}],"author":[{"embeddable":true,"href":"https:\/\/blondinfortin.ca\/en\/wp-json\/wp\/v2\/users\/10"}],"replies":[{"embeddable":true,"href":"https:\/\/blondinfortin.ca\/en\/wp-json\/wp\/v2\/comments?post=1630"}],"version-history":[{"count":0,"href":"https:\/\/blondinfortin.ca\/en\/wp-json\/wp\/v2\/pages\/1630\/revisions"}],"up":[{"embeddable":true,"href":"https:\/\/blondinfortin.ca\/en\/wp-json\/wp\/v2\/pages\/1635"}],"wp:attachment":[{"href":"https:\/\/blondinfortin.ca\/en\/wp-json\/wp\/v2\/media?parent=1630"}],"curies":[{"name":"wp","href":"https:\/\/api.w.org\/{rel}","templated":true}]}}