{"id":1632,"date":"2019-08-05T11:24:28","date_gmt":"2019-08-05T15:24:28","guid":{"rendered":"https:\/\/blondinfortin.ca\/beta\/simon-legare\/"},"modified":"2023-05-02T15:25:43","modified_gmt":"2023-05-02T19:25:43","slug":"simon-legare","status":"publish","type":"page","link":"https:\/\/blondinfortin.ca\/en\/team\/simon-legare\/","title":{"rendered":"Simon L\u00e9gar\u00e9"},"content":{"rendered":"\t\t<div data-elementor-type=\"wp-post\" data-elementor-id=\"1632\" class=\"elementor elementor-1632 elementor-584\" data-elementor-post-type=\"page\">\n\t\t\t\t\t\t\t\t\t<section data-particle_enable=\"false\" data-particle-mobile-disabled=\"false\" class=\"elementor-section elementor-top-section elementor-element elementor-element-60a95160 page-title elementor-section-boxed elementor-section-height-default elementor-section-height-default\" data-id=\"60a95160\" data-element_type=\"section\" data-settings=\"{&quot;jet_parallax_layout_list&quot;:[{&quot;jet_parallax_layout_image&quot;:{&quot;url&quot;:&quot;&quot;,&quot;id&quot;:&quot;&quot;,&quot;size&quot;:&quot;&quot;},&quot;_id&quot;:&quot;65c0fac&quot;,&quot;jet_parallax_layout_image_tablet&quot;:{&quot;url&quot;:&quot;&quot;,&quot;id&quot;:&quot;&quot;,&quot;size&quot;:&quot;&quot;},&quot;jet_parallax_layout_image_mobile&quot;:{&quot;url&quot;:&quot;&quot;,&quot;id&quot;:&quot;&quot;,&quot;size&quot;:&quot;&quot;},&quot;jet_parallax_layout_speed&quot;:{&quot;unit&quot;:&quot;%&quot;,&quot;size&quot;:50,&quot;sizes&quot;:[]},&quot;jet_parallax_layout_type&quot;:&quot;scroll&quot;,&quot;jet_parallax_layout_direction&quot;:null,&quot;jet_parallax_layout_fx_direction&quot;:null,&quot;jet_parallax_layout_z_index&quot;:&quot;&quot;,&quot;jet_parallax_layout_bg_x&quot;:50,&quot;jet_parallax_layout_bg_x_tablet&quot;:&quot;&quot;,&quot;jet_parallax_layout_bg_x_mobile&quot;:&quot;&quot;,&quot;jet_parallax_layout_bg_y&quot;:50,&quot;jet_parallax_layout_bg_y_tablet&quot;:&quot;&quot;,&quot;jet_parallax_layout_bg_y_mobile&quot;:&quot;&quot;,&quot;jet_parallax_layout_bg_size&quot;:&quot;auto&quot;,&quot;jet_parallax_layout_bg_size_tablet&quot;:&quot;&quot;,&quot;jet_parallax_layout_bg_size_mobile&quot;:&quot;&quot;,&quot;jet_parallax_layout_animation_prop&quot;:&quot;transform&quot;,&quot;jet_parallax_layout_on&quot;:[&quot;desktop&quot;,&quot;tablet&quot;]}],&quot;background_background&quot;:&quot;classic&quot;}\">\n\t\t\t\t\t\t<div class=\"elementor-container elementor-column-gap-default\">\n\t\t\t\t\t<div class=\"elementor-column elementor-col-66 elementor-top-column elementor-element elementor-element-744e9a3d\" data-id=\"744e9a3d\" data-element_type=\"column\">\n\t\t\t<div class=\"elementor-widget-wrap elementor-element-populated\">\n\t\t\t\t\t\t\t\t<div class=\"elementor-element elementor-element-45979cc8 elementor-widget elementor-widget-heading\" data-id=\"45979cc8\" data-element_type=\"widget\" data-widget_type=\"heading.default\">\n\t\t\t\t<div class=\"elementor-widget-container\">\n\t\t\t<h1 class=\"elementor-heading-title elementor-size-default\"><span class=\"font-backend\">S<\/span>Simon l\u00e9gar\u00e9<\/h1>\t\t<\/div>\n\t\t\t\t<\/div>\n\t\t\t\t\t<\/div>\n\t\t<\/div>\n\t\t\t\t<div class=\"elementor-column elementor-col-33 elementor-top-column elementor-element elementor-element-76e21411\" data-id=\"76e21411\" data-element_type=\"column\">\n\t\t\t<div class=\"elementor-widget-wrap elementor-element-populated\">\n\t\t\t\t\t\t\t\t<div class=\"elementor-element elementor-element-2b92d100 elementor-align-right elementor-mobile-align-left elementor-widget elementor-widget-breadcrumbs\" data-id=\"2b92d100\" data-element_type=\"widget\" data-widget_type=\"breadcrumbs.default\">\n\t\t\t\t<div class=\"elementor-widget-container\">\n\t\t\t<p id=\"breadcrumbs\"><span><span><a href=\"https:\/\/blondinfortin.ca\/en\/\">Home<\/a><\/span><\/span><\/p>\t\t<\/div>\n\t\t\t\t<\/div>\n\t\t\t\t\t<\/div>\n\t\t<\/div>\n\t\t\t\t\t\t\t<\/div>\n\t\t<\/section>\n\t\t\t\t<section data-particle_enable=\"false\" data-particle-mobile-disabled=\"false\" class=\"elementor-section elementor-top-section elementor-element elementor-element-77bda6c1 elementor-section-boxed elementor-section-height-default elementor-section-height-default\" data-id=\"77bda6c1\" data-element_type=\"section\" data-settings=\"{&quot;jet_parallax_layout_list&quot;:[{&quot;jet_parallax_layout_image&quot;:{&quot;url&quot;:&quot;&quot;,&quot;id&quot;:&quot;&quot;,&quot;size&quot;:&quot;&quot;},&quot;_id&quot;:&quot;489faa1&quot;,&quot;jet_parallax_layout_image_tablet&quot;:{&quot;url&quot;:&quot;&quot;,&quot;id&quot;:&quot;&quot;,&quot;size&quot;:&quot;&quot;},&quot;jet_parallax_layout_image_mobile&quot;:{&quot;url&quot;:&quot;&quot;,&quot;id&quot;:&quot;&quot;,&quot;size&quot;:&quot;&quot;},&quot;jet_parallax_layout_speed&quot;:{&quot;unit&quot;:&quot;%&quot;,&quot;size&quot;:50,&quot;sizes&quot;:[]},&quot;jet_parallax_layout_type&quot;:&quot;scroll&quot;,&quot;jet_parallax_layout_direction&quot;:null,&quot;jet_parallax_layout_fx_direction&quot;:null,&quot;jet_parallax_layout_z_index&quot;:&quot;&quot;,&quot;jet_parallax_layout_bg_x&quot;:50,&quot;jet_parallax_layout_bg_x_tablet&quot;:&quot;&quot;,&quot;jet_parallax_layout_bg_x_mobile&quot;:&quot;&quot;,&quot;jet_parallax_layout_bg_y&quot;:50,&quot;jet_parallax_layout_bg_y_tablet&quot;:&quot;&quot;,&quot;jet_parallax_layout_bg_y_mobile&quot;:&quot;&quot;,&quot;jet_parallax_layout_bg_size&quot;:&quot;auto&quot;,&quot;jet_parallax_layout_bg_size_tablet&quot;:&quot;&quot;,&quot;jet_parallax_layout_bg_size_mobile&quot;:&quot;&quot;,&quot;jet_parallax_layout_animation_prop&quot;:&quot;transform&quot;,&quot;jet_parallax_layout_on&quot;:[&quot;desktop&quot;,&quot;tablet&quot;]}]}\">\n\t\t\t\t\t\t<div class=\"elementor-container elementor-column-gap-default\">\n\t\t\t\t\t<div class=\"elementor-column elementor-col-100 elementor-top-column elementor-element elementor-element-214916f9\" data-id=\"214916f9\" data-element_type=\"column\">\n\t\t\t<div class=\"elementor-widget-wrap elementor-element-populated\">\n\t\t\t\t\t\t\t\t<div class=\"elementor-element elementor-element-1d60066c elementor-widget elementor-widget-heading\" data-id=\"1d60066c\" data-element_type=\"widget\" data-widget_type=\"heading.default\">\n\t\t\t\t<div class=\"elementor-widget-container\">\n\t\t\t<h2 class=\"elementor-heading-title elementor-size-default\">ASSOCI\u00c9<\/h2>\t\t<\/div>\n\t\t\t\t<\/div>\n\t\t\t\t<div class=\"elementor-element elementor-element-fccd507 elementor-widget elementor-widget-spacer\" data-id=\"fccd507\" data-element_type=\"widget\" data-widget_type=\"spacer.default\">\n\t\t\t\t<div class=\"elementor-widget-container\">\n\t\t\t\t\t<div class=\"elementor-spacer\">\n\t\t\t<div class=\"elementor-spacer-inner\"><\/div>\n\t\t<\/div>\n\t\t\t\t<\/div>\n\t\t\t\t<\/div>\n\t\t\t\t\t<\/div>\n\t\t<\/div>\n\t\t\t\t\t\t\t<\/div>\n\t\t<\/section>\n\t\t\t\t<section data-particle_enable=\"false\" data-particle-mobile-disabled=\"false\" class=\"elementor-section elementor-top-section elementor-element elementor-element-2a33008 elementor-section-height-min-height elementor-section-boxed elementor-section-height-default elementor-section-items-middle\" data-id=\"2a33008\" data-element_type=\"section\" data-settings=\"{&quot;jet_parallax_layout_list&quot;:[{&quot;jet_parallax_layout_image&quot;:{&quot;url&quot;:&quot;&quot;,&quot;id&quot;:&quot;&quot;,&quot;size&quot;:&quot;&quot;},&quot;_id&quot;:&quot;4cc6cf0&quot;,&quot;jet_parallax_layout_image_tablet&quot;:{&quot;url&quot;:&quot;&quot;,&quot;id&quot;:&quot;&quot;,&quot;size&quot;:&quot;&quot;},&quot;jet_parallax_layout_image_mobile&quot;:{&quot;url&quot;:&quot;&quot;,&quot;id&quot;:&quot;&quot;,&quot;size&quot;:&quot;&quot;},&quot;jet_parallax_layout_speed&quot;:{&quot;unit&quot;:&quot;%&quot;,&quot;size&quot;:50,&quot;sizes&quot;:[]},&quot;jet_parallax_layout_type&quot;:&quot;scroll&quot;,&quot;jet_parallax_layout_direction&quot;:null,&quot;jet_parallax_layout_fx_direction&quot;:null,&quot;jet_parallax_layout_z_index&quot;:&quot;&quot;,&quot;jet_parallax_layout_bg_x&quot;:50,&quot;jet_parallax_layout_bg_x_tablet&quot;:&quot;&quot;,&quot;jet_parallax_layout_bg_x_mobile&quot;:&quot;&quot;,&quot;jet_parallax_layout_bg_y&quot;:50,&quot;jet_parallax_layout_bg_y_tablet&quot;:&quot;&quot;,&quot;jet_parallax_layout_bg_y_mobile&quot;:&quot;&quot;,&quot;jet_parallax_layout_bg_size&quot;:&quot;auto&quot;,&quot;jet_parallax_layout_bg_size_tablet&quot;:&quot;&quot;,&quot;jet_parallax_layout_bg_size_mobile&quot;:&quot;&quot;,&quot;jet_parallax_layout_animation_prop&quot;:&quot;transform&quot;,&quot;jet_parallax_layout_on&quot;:[&quot;desktop&quot;,&quot;tablet&quot;]}]}\">\n\t\t\t\t\t\t<div class=\"elementor-container elementor-column-gap-default\">\n\t\t\t\t\t<div class=\"elementor-column elementor-col-100 elementor-top-column elementor-element elementor-element-e72cd1a\" data-id=\"e72cd1a\" data-element_type=\"column\">\n\t\t\t<div class=\"elementor-widget-wrap elementor-element-populated\">\n\t\t\t\t\t\t\t\t<section data-particle_enable=\"false\" data-particle-mobile-disabled=\"false\" class=\"elementor-section elementor-inner-section elementor-element elementor-element-161b168 elementor-section-height-min-height elementor-section-boxed elementor-section-height-default\" data-id=\"161b168\" data-element_type=\"section\" data-settings=\"{&quot;jet_parallax_layout_list&quot;:[{&quot;jet_parallax_layout_image&quot;:{&quot;url&quot;:&quot;&quot;,&quot;id&quot;:&quot;&quot;,&quot;size&quot;:&quot;&quot;},&quot;_id&quot;:&quot;5ce2ed7&quot;,&quot;jet_parallax_layout_image_tablet&quot;:{&quot;url&quot;:&quot;&quot;,&quot;id&quot;:&quot;&quot;,&quot;size&quot;:&quot;&quot;},&quot;jet_parallax_layout_image_mobile&quot;:{&quot;url&quot;:&quot;&quot;,&quot;id&quot;:&quot;&quot;,&quot;size&quot;:&quot;&quot;},&quot;jet_parallax_layout_speed&quot;:{&quot;unit&quot;:&quot;%&quot;,&quot;size&quot;:50,&quot;sizes&quot;:[]},&quot;jet_parallax_layout_type&quot;:&quot;scroll&quot;,&quot;jet_parallax_layout_direction&quot;:null,&quot;jet_parallax_layout_fx_direction&quot;:null,&quot;jet_parallax_layout_z_index&quot;:&quot;&quot;,&quot;jet_parallax_layout_bg_x&quot;:50,&quot;jet_parallax_layout_bg_x_tablet&quot;:&quot;&quot;,&quot;jet_parallax_layout_bg_x_mobile&quot;:&quot;&quot;,&quot;jet_parallax_layout_bg_y&quot;:50,&quot;jet_parallax_layout_bg_y_tablet&quot;:&quot;&quot;,&quot;jet_parallax_layout_bg_y_mobile&quot;:&quot;&quot;,&quot;jet_parallax_layout_bg_size&quot;:&quot;auto&quot;,&quot;jet_parallax_layout_bg_size_tablet&quot;:&quot;&quot;,&quot;jet_parallax_layout_bg_size_mobile&quot;:&quot;&quot;,&quot;jet_parallax_layout_animation_prop&quot;:&quot;transform&quot;,&quot;jet_parallax_layout_on&quot;:[&quot;desktop&quot;,&quot;tablet&quot;]}]}\">\n\t\t\t\t\t\t<div class=\"elementor-container elementor-column-gap-default\">\n\t\t\t\t\t<div class=\"elementor-column elementor-col-50 elementor-inner-column elementor-element elementor-element-3081262\" data-id=\"3081262\" data-element_type=\"column\">\n\t\t\t<div class=\"elementor-widget-wrap elementor-element-populated\">\n\t\t\t\t\t\t\t\t<div class=\"elementor-element elementor-element-10f7524 elementor-widget elementor-widget-image\" data-id=\"10f7524\" data-element_type=\"widget\" data-widget_type=\"image.default\">\n\t\t\t\t<div class=\"elementor-widget-container\">\n\t\t\t\t\t\t\t\t\t\t\t\t\t\t\t<img decoding=\"async\" width=\"722\" height=\"862\" src=\"https:\/\/blondinfortin.ca\/wp-content\/uploads\/2019\/08\/BFA_page_Equipe_Individuel_Simon-Legare.jpg\" class=\"attachment-large size-large wp-image-627\" alt=\"\" loading=\"lazy\" srcset=\"https:\/\/blondinfortin.ca\/wp-content\/uploads\/2019\/08\/BFA_page_Equipe_Individuel_Simon-Legare.jpg 722w, https:\/\/blondinfortin.ca\/wp-content\/uploads\/2019\/08\/BFA_page_Equipe_Individuel_Simon-Legare-251x300.jpg 251w\" sizes=\"(max-width: 722px) 100vw, 722px\" \/>\t\t\t\t\t\t\t\t\t\t\t\t\t\t\t<\/div>\n\t\t\t\t<\/div>\n\t\t\t\t\t<\/div>\n\t\t<\/div>\n\t\t\t\t<div class=\"elementor-column elementor-col-50 elementor-inner-column elementor-element elementor-element-1044c2f\" data-id=\"1044c2f\" data-element_type=\"column\">\n\t\t\t<div class=\"elementor-widget-wrap elementor-element-populated\">\n\t\t\t\t\t\t\t\t<div class=\"elementor-element elementor-element-db9c80e elementor-widget elementor-widget-heading\" data-id=\"db9c80e\" data-element_type=\"widget\" data-widget_type=\"heading.default\">\n\t\t\t\t<div class=\"elementor-widget-container\">\n\t\t\t<h2 class=\"elementor-heading-title elementor-size-default\"><span class=\"elementor-heading-title elementor-size-default elementor-inline-editing pen\" data-elementor-setting-key=\"title\" data-pen-placeholder=\"\u00c9crivez ici...\" style=\"font-size: 2rem; font-style: normal; clear: both; letter-spacing: 3px; text-align: center;\">SIMON L\u00c9GAR\u00c9, ING.<\/span><\/h2>\t\t<\/div>\n\t\t\t\t<\/div>\n\t\t\t\t<div class=\"elementor-element elementor-element-f639a75 elementor-widget elementor-widget-text-editor\" data-id=\"f639a75\" data-element_type=\"widget\" data-widget_type=\"text-editor.default\">\n\t\t\t\t<div class=\"elementor-widget-container\">\n\t\t\t\t\t\t\t<p>Vice-pr\u00e9sident op\u00e9rations, associ\u00e9\u00a0<\/p>\t\t\t\t\t\t<\/div>\n\t\t\t\t<\/div>\n\t\t\t\t<div class=\"elementor-element elementor-element-24ac50b elementor-widget elementor-widget-text-editor\" data-id=\"24ac50b\" data-element_type=\"widget\" data-widget_type=\"text-editor.default\">\n\t\t\t\t<div class=\"elementor-widget-container\">\n\t\t\t\t\t\t\t<p><span style=\"color: #000000; font-size: 15px; font-style: normal; font-weight: 300; text-align: center; background-color: rgba(255, 255, 255, 0.9);\">M. L\u00e9gar\u00e9 travaille en \u00e9lectricit\u00e9 du b\u00e2timent depuis 2002. Sa rigueur et son souci du d\u00e9tail sont deux qualit\u00e9s appr\u00e9ci\u00e9es des intervenants du domaine. Ses aptitudes en conception et son exp\u00e9rience acquise avec le temps lui permettent de r\u00e9aliser des projets d\u2019envergure en r\u00e9pondant aux attentes des clients.<\/span><\/p>\t\t\t\t\t\t<\/div>\n\t\t\t\t<\/div>\n\t\t\t\t\t<\/div>\n\t\t<\/div>\n\t\t\t\t\t\t\t<\/div>\n\t\t<\/section>\n\t\t\t\t\t<\/div>\n\t\t<\/div>\n\t\t\t\t\t\t\t<\/div>\n\t\t<\/section>\n\t\t\t\t\t\t\t<\/div>\n\t\t","protected":false},"excerpt":{"rendered":"<p>SSimon l\u00e9gar\u00e9 ASSOCI\u00c9 SIMON L\u00c9GAR\u00c9, ING. Vice-pr\u00e9sident op\u00e9rations, associ\u00e9\u00a0 M. L\u00e9gar\u00e9 travaille en \u00e9lectricit\u00e9 du b\u00e2timent depuis 2002. Sa rigueur et son souci du d\u00e9tail sont deux qualit\u00e9s appr\u00e9ci\u00e9es des intervenants du domaine. Ses aptitudes en conception et son exp\u00e9rience acquise avec le temps lui permettent de r\u00e9aliser des projets d\u2019envergure en r\u00e9pondant aux attentes &hellip;<\/p>\n<p class=\"read-more\"> <a class=\"\" href=\"https:\/\/blondinfortin.ca\/en\/team\/simon-legare\/\"> <span class=\"screen-reader-text\">Simon L\u00e9gar\u00e9<\/span> Read More &raquo;<\/a><\/p>\n","protected":false},"author":10,"featured_media":0,"parent":1635,"menu_order":0,"comment_status":"closed","ping_status":"closed","template":"","meta":{"site-sidebar-layout":"no-sidebar","site-content-layout":"page-builder","ast-global-header-display":"","ast-banner-title-visibility":"","ast-main-header-display":"","ast-hfb-above-header-display":"","ast-hfb-below-header-display":"","ast-hfb-mobile-header-display":"","site-post-title":"disabled","ast-breadcrumbs-content":"","ast-featured-img":"disabled","footer-sml-layout":"","theme-transparent-header-meta":"default","adv-header-id-meta":"","stick-header-meta":"","header-above-stick-meta":"","header-main-stick-meta":"","header-below-stick-meta":""},"acf":[],"yoast_head":"<!-- This site is optimized with the Yoast SEO plugin v20.7 - https:\/\/yoast.com\/wordpress\/plugins\/seo\/ -->\n<title>Simon L\u00e9gar\u00e9 - Blondin Fortin Associ\u00e9s<\/title>\n<meta name=\"robots\" content=\"index, follow, max-snippet:-1, max-image-preview:large, max-video-preview:-1\" \/>\n<link rel=\"canonical\" href=\"https:\/\/blondinfortin.ca\/en\/team\/simon-legare\/\" \/>\n<meta property=\"og:locale\" content=\"en_US\" \/>\n<meta property=\"og:type\" content=\"article\" \/>\n<meta property=\"og:title\" content=\"Simon L\u00e9gar\u00e9 - Blondin Fortin Associ\u00e9s\" \/>\n<meta property=\"og:description\" content=\"SSimon l\u00e9gar\u00e9 ASSOCI\u00c9 SIMON L\u00c9GAR\u00c9, ING. Vice-pr\u00e9sident op\u00e9rations, associ\u00e9\u00a0 M. L\u00e9gar\u00e9 travaille en \u00e9lectricit\u00e9 du b\u00e2timent depuis 2002. Sa rigueur et son souci du d\u00e9tail sont deux qualit\u00e9s appr\u00e9ci\u00e9es des intervenants du domaine. Ses aptitudes en conception et son exp\u00e9rience acquise avec le temps lui permettent de r\u00e9aliser des projets d\u2019envergure en r\u00e9pondant aux attentes &hellip; Simon L\u00e9gar\u00e9 Read More &raquo;\" \/>\n<meta property=\"og:url\" content=\"https:\/\/blondinfortin.ca\/en\/team\/simon-legare\/\" \/>\n<meta property=\"og:site_name\" content=\"Blondin Fortin Associ\u00e9s\" \/>\n<meta property=\"article:modified_time\" content=\"2023-05-02T19:25:43+00:00\" \/>\n<meta property=\"og:image\" content=\"https:\/\/blondinfortin.ca\/wp-content\/uploads\/2019\/08\/BFA_page_Equipe_Individuel_Simon-Legare.jpg\" \/>\n<meta name=\"twitter:card\" content=\"summary_large_image\" \/>\n<script type=\"application\/ld+json\" class=\"yoast-schema-graph\">{\"@context\":\"https:\/\/schema.org\",\"@graph\":[{\"@type\":\"WebPage\",\"@id\":\"https:\/\/blondinfortin.ca\/en\/team\/simon-legare\/\",\"url\":\"https:\/\/blondinfortin.ca\/en\/team\/simon-legare\/\",\"name\":\"Simon L\u00e9gar\u00e9 - Blondin Fortin Associ\u00e9s\",\"isPartOf\":{\"@id\":\"https:\/\/blondinfortin.ca\/en\/#website\"},\"datePublished\":\"2019-08-05T15:24:28+00:00\",\"dateModified\":\"2023-05-02T19:25:43+00:00\",\"breadcrumb\":{\"@id\":\"https:\/\/blondinfortin.ca\/en\/team\/simon-legare\/#breadcrumb\"},\"inLanguage\":\"en-US\",\"potentialAction\":[{\"@type\":\"ReadAction\",\"target\":[\"https:\/\/blondinfortin.ca\/en\/team\/simon-legare\/\"]}]},{\"@type\":\"BreadcrumbList\",\"@id\":\"https:\/\/blondinfortin.ca\/en\/team\/simon-legare\/#breadcrumb\",\"itemListElement\":[{\"@type\":\"ListItem\",\"position\":1,\"name\":\"Home\",\"item\":\"https:\/\/blondinfortin.ca\/en\/\"},{\"@type\":\"ListItem\",\"position\":2,\"name\":\"Team\",\"item\":\"https:\/\/blondinfortin.ca\/en\/team\/\"},{\"@type\":\"ListItem\",\"position\":3,\"name\":\"Simon L\u00e9gar\u00e9\"}]},{\"@type\":\"WebSite\",\"@id\":\"https:\/\/blondinfortin.ca\/en\/#website\",\"url\":\"https:\/\/blondinfortin.ca\/en\/\",\"name\":\"Blondin Fortin Associ\u00e9s\",\"description\":\"Ing\u00e9nieurs experts-conseils en b\u00e2timent\",\"publisher\":{\"@id\":\"https:\/\/blondinfortin.ca\/en\/#organization\"},\"potentialAction\":[{\"@type\":\"SearchAction\",\"target\":{\"@type\":\"EntryPoint\",\"urlTemplate\":\"https:\/\/blondinfortin.ca\/en\/?s={search_term_string}\"},\"query-input\":\"required name=search_term_string\"}],\"inLanguage\":\"en-US\"},{\"@type\":\"Organization\",\"@id\":\"https:\/\/blondinfortin.ca\/en\/#organization\",\"name\":\"Blondin Fortin Associ\u00e9s\",\"url\":\"https:\/\/blondinfortin.ca\/en\/\",\"logo\":{\"@type\":\"ImageObject\",\"inLanguage\":\"en-US\",\"@id\":\"https:\/\/blondinfortin.ca\/en\/#\/schema\/logo\/image\/\",\"url\":\"https:\/\/blondinfortin.ca\/wp-content\/uploads\/2019\/07\/blondin-fortin-logo.jpg\",\"contentUrl\":\"https:\/\/blondinfortin.ca\/wp-content\/uploads\/2019\/07\/blondin-fortin-logo.jpg\",\"width\":255,\"height\":150,\"caption\":\"Blondin Fortin Associ\u00e9s\"},\"image\":{\"@id\":\"https:\/\/blondinfortin.ca\/en\/#\/schema\/logo\/image\/\"}}]}<\/script>\n<!-- \/ Yoast SEO plugin. -->","yoast_head_json":{"title":"Simon L\u00e9gar\u00e9 - Blondin Fortin Associ\u00e9s","robots":{"index":"index","follow":"follow","max-snippet":"max-snippet:-1","max-image-preview":"max-image-preview:large","max-video-preview":"max-video-preview:-1"},"canonical":"https:\/\/blondinfortin.ca\/en\/team\/simon-legare\/","og_locale":"en_US","og_type":"article","og_title":"Simon L\u00e9gar\u00e9 - Blondin Fortin Associ\u00e9s","og_description":"SSimon l\u00e9gar\u00e9 ASSOCI\u00c9 SIMON L\u00c9GAR\u00c9, ING. Vice-pr\u00e9sident op\u00e9rations, associ\u00e9\u00a0 M. L\u00e9gar\u00e9 travaille en \u00e9lectricit\u00e9 du b\u00e2timent depuis 2002. Sa rigueur et son souci du d\u00e9tail sont deux qualit\u00e9s appr\u00e9ci\u00e9es des intervenants du domaine. Ses aptitudes en conception et son exp\u00e9rience acquise avec le temps lui permettent de r\u00e9aliser des projets d\u2019envergure en r\u00e9pondant aux attentes &hellip; Simon L\u00e9gar\u00e9 Read More &raquo;","og_url":"https:\/\/blondinfortin.ca\/en\/team\/simon-legare\/","og_site_name":"Blondin Fortin Associ\u00e9s","article_modified_time":"2023-05-02T19:25:43+00:00","og_image":[{"url":"https:\/\/blondinfortin.ca\/wp-content\/uploads\/2019\/08\/BFA_page_Equipe_Individuel_Simon-Legare.jpg"}],"twitter_card":"summary_large_image","schema":{"@context":"https:\/\/schema.org","@graph":[{"@type":"WebPage","@id":"https:\/\/blondinfortin.ca\/en\/team\/simon-legare\/","url":"https:\/\/blondinfortin.ca\/en\/team\/simon-legare\/","name":"Simon L\u00e9gar\u00e9 - Blondin Fortin Associ\u00e9s","isPartOf":{"@id":"https:\/\/blondinfortin.ca\/en\/#website"},"datePublished":"2019-08-05T15:24:28+00:00","dateModified":"2023-05-02T19:25:43+00:00","breadcrumb":{"@id":"https:\/\/blondinfortin.ca\/en\/team\/simon-legare\/#breadcrumb"},"inLanguage":"en-US","potentialAction":[{"@type":"ReadAction","target":["https:\/\/blondinfortin.ca\/en\/team\/simon-legare\/"]}]},{"@type":"BreadcrumbList","@id":"https:\/\/blondinfortin.ca\/en\/team\/simon-legare\/#breadcrumb","itemListElement":[{"@type":"ListItem","position":1,"name":"Home","item":"https:\/\/blondinfortin.ca\/en\/"},{"@type":"ListItem","position":2,"name":"Team","item":"https:\/\/blondinfortin.ca\/en\/team\/"},{"@type":"ListItem","position":3,"name":"Simon L\u00e9gar\u00e9"}]},{"@type":"WebSite","@id":"https:\/\/blondinfortin.ca\/en\/#website","url":"https:\/\/blondinfortin.ca\/en\/","name":"Blondin Fortin Associ\u00e9s","description":"Ing\u00e9nieurs experts-conseils en b\u00e2timent","publisher":{"@id":"https:\/\/blondinfortin.ca\/en\/#organization"},"potentialAction":[{"@type":"SearchAction","target":{"@type":"EntryPoint","urlTemplate":"https:\/\/blondinfortin.ca\/en\/?s={search_term_string}"},"query-input":"required name=search_term_string"}],"inLanguage":"en-US"},{"@type":"Organization","@id":"https:\/\/blondinfortin.ca\/en\/#organization","name":"Blondin Fortin Associ\u00e9s","url":"https:\/\/blondinfortin.ca\/en\/","logo":{"@type":"ImageObject","inLanguage":"en-US","@id":"https:\/\/blondinfortin.ca\/en\/#\/schema\/logo\/image\/","url":"https:\/\/blondinfortin.ca\/wp-content\/uploads\/2019\/07\/blondin-fortin-logo.jpg","contentUrl":"https:\/\/blondinfortin.ca\/wp-content\/uploads\/2019\/07\/blondin-fortin-logo.jpg","width":255,"height":150,"caption":"Blondin Fortin Associ\u00e9s"},"image":{"@id":"https:\/\/blondinfortin.ca\/en\/#\/schema\/logo\/image\/"}}]}},"_links":{"self":[{"href":"https:\/\/blondinfortin.ca\/en\/wp-json\/wp\/v2\/pages\/1632"}],"collection":[{"href":"https:\/\/blondinfortin.ca\/en\/wp-json\/wp\/v2\/pages"}],"about":[{"href":"https:\/\/blondinfortin.ca\/en\/wp-json\/wp\/v2\/types\/page"}],"author":[{"embeddable":true,"href":"https:\/\/blondinfortin.ca\/en\/wp-json\/wp\/v2\/users\/10"}],"replies":[{"embeddable":true,"href":"https:\/\/blondinfortin.ca\/en\/wp-json\/wp\/v2\/comments?post=1632"}],"version-history":[{"count":3,"href":"https:\/\/blondinfortin.ca\/en\/wp-json\/wp\/v2\/pages\/1632\/revisions"}],"predecessor-version":[{"id":2766,"href":"https:\/\/blondinfortin.ca\/en\/wp-json\/wp\/v2\/pages\/1632\/revisions\/2766"}],"up":[{"embeddable":true,"href":"https:\/\/blondinfortin.ca\/en\/wp-json\/wp\/v2\/pages\/1635"}],"wp:attachment":[{"href":"https:\/\/blondinfortin.ca\/en\/wp-json\/wp\/v2\/media?parent=1632"}],"curies":[{"name":"wp","href":"https:\/\/api.w.org\/{rel}","templated":true}]}}