{"id":1637,"date":"2019-07-31T13:43:31","date_gmt":"2019-07-31T17:43:31","guid":{"rendered":"https:\/\/blondinfortin.ca\/beta\/prix-distinctions\/"},"modified":"2023-09-28T12:12:50","modified_gmt":"2023-09-28T16:12:50","slug":"awards-distinctions","status":"publish","type":"page","link":"https:\/\/blondinfortin.ca\/en\/awards-distinctions\/","title":{"rendered":"Awards \/ distinctions"},"content":{"rendered":"\t\t<div data-elementor-type=\"wp-post\" data-elementor-id=\"1637\" class=\"elementor elementor-1637 elementor-265\" data-elementor-post-type=\"page\">\n\t\t\t\t\t\t\t\t\t<section data-particle_enable=\"false\" data-particle-mobile-disabled=\"false\" class=\"elementor-section elementor-top-section elementor-element elementor-element-59754e86 page-title elementor-section-boxed elementor-section-height-default elementor-section-height-default\" data-id=\"59754e86\" data-element_type=\"section\" data-settings=\"{&quot;jet_parallax_layout_list&quot;:[{&quot;jet_parallax_layout_image&quot;:{&quot;url&quot;:&quot;&quot;,&quot;id&quot;:&quot;&quot;,&quot;size&quot;:&quot;&quot;},&quot;_id&quot;:&quot;65c0fac&quot;,&quot;jet_parallax_layout_image_tablet&quot;:{&quot;url&quot;:&quot;&quot;,&quot;id&quot;:&quot;&quot;,&quot;size&quot;:&quot;&quot;},&quot;jet_parallax_layout_image_mobile&quot;:{&quot;url&quot;:&quot;&quot;,&quot;id&quot;:&quot;&quot;,&quot;size&quot;:&quot;&quot;},&quot;jet_parallax_layout_speed&quot;:{&quot;unit&quot;:&quot;%&quot;,&quot;size&quot;:50,&quot;sizes&quot;:[]},&quot;jet_parallax_layout_type&quot;:&quot;scroll&quot;,&quot;jet_parallax_layout_direction&quot;:null,&quot;jet_parallax_layout_fx_direction&quot;:null,&quot;jet_parallax_layout_z_index&quot;:&quot;&quot;,&quot;jet_parallax_layout_bg_x&quot;:50,&quot;jet_parallax_layout_bg_x_tablet&quot;:&quot;&quot;,&quot;jet_parallax_layout_bg_x_mobile&quot;:&quot;&quot;,&quot;jet_parallax_layout_bg_y&quot;:50,&quot;jet_parallax_layout_bg_y_tablet&quot;:&quot;&quot;,&quot;jet_parallax_layout_bg_y_mobile&quot;:&quot;&quot;,&quot;jet_parallax_layout_bg_size&quot;:&quot;auto&quot;,&quot;jet_parallax_layout_bg_size_tablet&quot;:&quot;&quot;,&quot;jet_parallax_layout_bg_size_mobile&quot;:&quot;&quot;,&quot;jet_parallax_layout_animation_prop&quot;:&quot;transform&quot;,&quot;jet_parallax_layout_on&quot;:[&quot;desktop&quot;,&quot;tablet&quot;]}],&quot;background_background&quot;:&quot;classic&quot;}\">\n\t\t\t\t\t\t<div class=\"elementor-container elementor-column-gap-default\">\n\t\t\t\t\t<div class=\"elementor-column elementor-col-66 elementor-top-column elementor-element elementor-element-78f356a6\" data-id=\"78f356a6\" data-element_type=\"column\">\n\t\t\t<div class=\"elementor-widget-wrap elementor-element-populated\">\n\t\t\t\t\t\t\t\t<div class=\"elementor-element elementor-element-5ab23afe elementor-widget elementor-widget-heading\" data-id=\"5ab23afe\" data-element_type=\"widget\" data-widget_type=\"heading.default\">\n\t\t\t\t<div class=\"elementor-widget-container\">\n\t\t\t<h1 class=\"elementor-heading-title elementor-size-default\"><span class=\"font-backend\">A<\/span>Awards \/ Distinctions<\/h1>\t\t<\/div>\n\t\t\t\t<\/div>\n\t\t\t\t\t<\/div>\n\t\t<\/div>\n\t\t\t\t<div class=\"elementor-column elementor-col-33 elementor-top-column elementor-element elementor-element-1713f498\" data-id=\"1713f498\" data-element_type=\"column\">\n\t\t\t<div class=\"elementor-widget-wrap elementor-element-populated\">\n\t\t\t\t\t\t\t\t<div class=\"elementor-element elementor-element-3238924e elementor-align-right elementor-mobile-align-left elementor-widget elementor-widget-breadcrumbs\" data-id=\"3238924e\" data-element_type=\"widget\" data-widget_type=\"breadcrumbs.default\">\n\t\t\t\t<div class=\"elementor-widget-container\">\n\t\t\t<p id=\"breadcrumbs\"><span><span><a href=\"https:\/\/blondinfortin.ca\/en\/\">Home<\/a><\/span><\/span><\/p>\t\t<\/div>\n\t\t\t\t<\/div>\n\t\t\t\t\t<\/div>\n\t\t<\/div>\n\t\t\t\t\t\t\t<\/div>\n\t\t<\/section>\n\t\t\t\t<section data-particle_enable=\"false\" data-particle-mobile-disabled=\"false\" class=\"elementor-section elementor-top-section elementor-element elementor-element-3ad45dae elementor-section-boxed elementor-section-height-default elementor-section-height-default\" data-id=\"3ad45dae\" data-element_type=\"section\" data-settings=\"{&quot;jet_parallax_layout_list&quot;:[{&quot;jet_parallax_layout_image&quot;:{&quot;url&quot;:&quot;&quot;,&quot;id&quot;:&quot;&quot;,&quot;size&quot;:&quot;&quot;},&quot;_id&quot;:&quot;489faa1&quot;,&quot;jet_parallax_layout_image_tablet&quot;:{&quot;url&quot;:&quot;&quot;,&quot;id&quot;:&quot;&quot;,&quot;size&quot;:&quot;&quot;},&quot;jet_parallax_layout_image_mobile&quot;:{&quot;url&quot;:&quot;&quot;,&quot;id&quot;:&quot;&quot;,&quot;size&quot;:&quot;&quot;},&quot;jet_parallax_layout_speed&quot;:{&quot;unit&quot;:&quot;%&quot;,&quot;size&quot;:50,&quot;sizes&quot;:[]},&quot;jet_parallax_layout_type&quot;:&quot;scroll&quot;,&quot;jet_parallax_layout_direction&quot;:null,&quot;jet_parallax_layout_fx_direction&quot;:null,&quot;jet_parallax_layout_z_index&quot;:&quot;&quot;,&quot;jet_parallax_layout_bg_x&quot;:50,&quot;jet_parallax_layout_bg_x_tablet&quot;:&quot;&quot;,&quot;jet_parallax_layout_bg_x_mobile&quot;:&quot;&quot;,&quot;jet_parallax_layout_bg_y&quot;:50,&quot;jet_parallax_layout_bg_y_tablet&quot;:&quot;&quot;,&quot;jet_parallax_layout_bg_y_mobile&quot;:&quot;&quot;,&quot;jet_parallax_layout_bg_size&quot;:&quot;auto&quot;,&quot;jet_parallax_layout_bg_size_tablet&quot;:&quot;&quot;,&quot;jet_parallax_layout_bg_size_mobile&quot;:&quot;&quot;,&quot;jet_parallax_layout_animation_prop&quot;:&quot;transform&quot;,&quot;jet_parallax_layout_on&quot;:[&quot;desktop&quot;,&quot;tablet&quot;]}]}\">\n\t\t\t\t\t\t<div class=\"elementor-container elementor-column-gap-default\">\n\t\t\t\t\t<div class=\"elementor-column elementor-col-100 elementor-top-column elementor-element elementor-element-42d4463\" data-id=\"42d4463\" data-element_type=\"column\">\n\t\t\t<div class=\"elementor-widget-wrap elementor-element-populated\">\n\t\t\t\t\t\t\t\t<div class=\"elementor-element elementor-element-7205b455 elementor-widget elementor-widget-heading\" data-id=\"7205b455\" data-element_type=\"widget\" data-widget_type=\"heading.default\">\n\t\t\t\t<div class=\"elementor-widget-container\">\n\t\t\t<h2 class=\"elementor-heading-title elementor-size-default\">OUR AWARDS<\/h2>\t\t<\/div>\n\t\t\t\t<\/div>\n\t\t\t\t\t<\/div>\n\t\t<\/div>\n\t\t\t\t\t\t\t<\/div>\n\t\t<\/section>\n\t\t\t\t<section data-particle_enable=\"false\" data-particle-mobile-disabled=\"false\" class=\"elementor-section elementor-top-section elementor-element elementor-element-414ddb3f elementor-section-height-min-height elementor-section-boxed elementor-section-height-default elementor-section-items-middle\" data-id=\"414ddb3f\" data-element_type=\"section\" data-settings=\"{&quot;jet_parallax_layout_list&quot;:[{&quot;jet_parallax_layout_image&quot;:{&quot;url&quot;:&quot;&quot;,&quot;id&quot;:&quot;&quot;,&quot;size&quot;:&quot;&quot;},&quot;_id&quot;:&quot;bc61993&quot;,&quot;jet_parallax_layout_image_tablet&quot;:{&quot;url&quot;:&quot;&quot;,&quot;id&quot;:&quot;&quot;,&quot;size&quot;:&quot;&quot;},&quot;jet_parallax_layout_image_mobile&quot;:{&quot;url&quot;:&quot;&quot;,&quot;id&quot;:&quot;&quot;,&quot;size&quot;:&quot;&quot;},&quot;jet_parallax_layout_speed&quot;:{&quot;unit&quot;:&quot;%&quot;,&quot;size&quot;:50,&quot;sizes&quot;:[]},&quot;jet_parallax_layout_type&quot;:&quot;scroll&quot;,&quot;jet_parallax_layout_direction&quot;:null,&quot;jet_parallax_layout_fx_direction&quot;:null,&quot;jet_parallax_layout_z_index&quot;:&quot;&quot;,&quot;jet_parallax_layout_bg_x&quot;:50,&quot;jet_parallax_layout_bg_x_tablet&quot;:&quot;&quot;,&quot;jet_parallax_layout_bg_x_mobile&quot;:&quot;&quot;,&quot;jet_parallax_layout_bg_y&quot;:50,&quot;jet_parallax_layout_bg_y_tablet&quot;:&quot;&quot;,&quot;jet_parallax_layout_bg_y_mobile&quot;:&quot;&quot;,&quot;jet_parallax_layout_bg_size&quot;:&quot;auto&quot;,&quot;jet_parallax_layout_bg_size_tablet&quot;:&quot;&quot;,&quot;jet_parallax_layout_bg_size_mobile&quot;:&quot;&quot;,&quot;jet_parallax_layout_animation_prop&quot;:&quot;transform&quot;,&quot;jet_parallax_layout_on&quot;:[&quot;desktop&quot;,&quot;tablet&quot;]}]}\">\n\t\t\t\t\t\t<div class=\"elementor-container elementor-column-gap-default\">\n\t\t\t\t\t<div class=\"elementor-column elementor-col-100 elementor-top-column elementor-element elementor-element-57c635b6\" data-id=\"57c635b6\" data-element_type=\"column\">\n\t\t\t<div class=\"elementor-widget-wrap elementor-element-populated\">\n\t\t\t\t\t\t\t\t<div class=\"elementor-element elementor-element-5ed2df10 elementor-widget elementor-widget-jet-animated-box\" data-id=\"5ed2df10\" data-element_type=\"widget\" data-widget_type=\"jet-animated-box.default\">\n\t\t\t\t<div class=\"elementor-widget-container\">\n\t\t\t<div class=\"elementor-jet-animated-box jet-elements\"><div id=\"jet-animated-box-5ed2df10\" class=\"jet-animated-box jet-box-effect-1\" data-settings='{\"widgetId\":\"5ed2df10\",\"switchEventType\":\"hover\",\"paperFoldDirection\":\"left\",\"slideOutDirection\":\"left\",\"peelCornerPosition\":\"right\"}'>\n\t<div id=\"jet-animated-box__front-5ed2df10\" class=\"jet-animated-box__front\">\n\t\t<div class=\"jet-animated-box__inner\"><div class=\"jet-animated-box__content\"><h3 class=\"jet-animated-box__title jet-animated-box__title--front\">2016<\/h3><h4 class=\"jet-animated-box__subtitle jet-animated-box__subtitle--front\">2016 QUEBEC ENGINEERING AWARDS OF THE AFG (Association of Engineering Consulting Firms)<\/h4><p class=\"jet-animated-box__description jet-animated-box__description--front\">+<\/p><\/div><\/div>\n\t\t<div class=\"jet-animated-box__overlay\"><\/div><\/div>\n\t<div id=\"jet-animated-box__back-5ed2df10\" class=\"jet-animated-box__back\">\n\t\t<div class=\"jet-animated-box__inner\"><div class=\"jet-animated-box__content\"><p class=\"jet-animated-box__description jet-animated-box__description--back\">Finalist in the mechanical and electrical building systems category<\/p><\/div><\/div>\n\t\t<div class=\"jet-animated-box__overlay\"><\/div><\/div>\n<\/div>\n<\/div>\t\t<\/div>\n\t\t\t\t<\/div>\n\t\t\t\t<div class=\"elementor-element elementor-element-f1548f1 elementor-widget elementor-widget-jet-animated-box\" data-id=\"f1548f1\" data-element_type=\"widget\" data-widget_type=\"jet-animated-box.default\">\n\t\t\t\t<div class=\"elementor-widget-container\">\n\t\t\t<div class=\"elementor-jet-animated-box jet-elements\"><div id=\"jet-animated-box-f1548f1\" class=\"jet-animated-box jet-box-effect-1\" data-settings='{\"widgetId\":\"f1548f1\",\"switchEventType\":\"hover\",\"paperFoldDirection\":\"left\",\"slideOutDirection\":\"left\",\"peelCornerPosition\":\"right\"}'>\n\t<div id=\"jet-animated-box__front-f1548f1\" class=\"jet-animated-box__front\">\n\t\t<div class=\"jet-animated-box__inner\"><div class=\"jet-animated-box__content\"><h3 class=\"jet-animated-box__title jet-animated-box__title--front\">2017<\/h3><h4 class=\"jet-animated-box__subtitle jet-animated-box__subtitle--front\">FINALIST IN THE ENERGIA COMPETITION, IN THE NEW BUILDING CATEGORY \u2014 ALL SECTORS<\/h4><p class=\"jet-animated-box__description jet-animated-box__description--front\">+<\/p><\/div><\/div>\n\t\t<div class=\"jet-animated-box__overlay\"><\/div><\/div>\n\t<div id=\"jet-animated-box__back-f1548f1\" class=\"jet-animated-box__back\">\n\t\t<div class=\"jet-animated-box__inner\"><div class=\"jet-animated-box__content\"><p class=\"jet-animated-box__description jet-animated-box__description--back\">Project: Blainville\u2019s Paul-Mercier Library \u2013 LEED silver<\/p><\/div><\/div>\n\t\t<div class=\"jet-animated-box__overlay\"><\/div><\/div>\n<\/div>\n<\/div>\t\t<\/div>\n\t\t\t\t<\/div>\n\t\t\t\t\t<\/div>\n\t\t<\/div>\n\t\t\t\t\t\t\t<\/div>\n\t\t<\/section>\n\t\t\t\t\t\t\t<\/div>\n\t\t","protected":false},"excerpt":{"rendered":"<p>AAwards \/ Distinctions OUR AWARDS 2016 2016 QUEBEC ENGINEERING AWARDS OF THE AFG (Association of Engineering Consulting Firms) + Finalist in the mechanical and electrical building systems category 2017 FINALIST IN THE ENERGIA COMPETITION, IN THE NEW BUILDING CATEGORY \u2014 ALL SECTORS + Project: Blainville\u2019s Paul-Mercier Library \u2013 LEED silver<\/p>\n","protected":false},"author":10,"featured_media":0,"parent":0,"menu_order":0,"comment_status":"closed","ping_status":"closed","template":"","meta":{"site-sidebar-layout":"no-sidebar","site-content-layout":"page-builder","ast-global-header-display":"","ast-banner-title-visibility":"","ast-main-header-display":"","ast-hfb-above-header-display":"","ast-hfb-below-header-display":"","ast-hfb-mobile-header-display":"","site-post-title":"disabled","ast-breadcrumbs-content":"","ast-featured-img":"disabled","footer-sml-layout":"","theme-transparent-header-meta":"default","adv-header-id-meta":"","stick-header-meta":"","header-above-stick-meta":"","header-main-stick-meta":"","header-below-stick-meta":""},"acf":[],"yoast_head":"<!-- This site is optimized with the Yoast SEO plugin v20.7 - https:\/\/yoast.com\/wordpress\/plugins\/seo\/ -->\n<title>Prizes and distinctions | BFA<\/title>\n<meta name=\"description\" content=\"The prizes and distinctions won by our team of experts. BFA is a consulting engineering firm specialized in building.\" \/>\n<meta name=\"robots\" content=\"index, follow, max-snippet:-1, max-image-preview:large, max-video-preview:-1\" \/>\n<link rel=\"canonical\" href=\"https:\/\/blondinfortin.ca\/en\/awards-distinctions\/\" \/>\n<meta property=\"og:locale\" content=\"en_US\" \/>\n<meta property=\"og:type\" content=\"article\" \/>\n<meta property=\"og:title\" content=\"Prizes and distinctions | BFA\" \/>\n<meta property=\"og:description\" content=\"The prizes and distinctions won by our team of experts. BFA is a consulting engineering firm specialized in building.\" \/>\n<meta property=\"og:url\" content=\"https:\/\/blondinfortin.ca\/en\/awards-distinctions\/\" \/>\n<meta property=\"og:site_name\" content=\"Blondin Fortin Associ\u00e9s\" \/>\n<meta property=\"article:modified_time\" content=\"2023-09-28T16:12:50+00:00\" \/>\n<meta name=\"twitter:card\" content=\"summary_large_image\" \/>\n<meta name=\"twitter:label1\" content=\"Est. reading time\" \/>\n\t<meta name=\"twitter:data1\" content=\"1 minute\" \/>\n<script type=\"application\/ld+json\" class=\"yoast-schema-graph\">{\"@context\":\"https:\/\/schema.org\",\"@graph\":[{\"@type\":\"WebPage\",\"@id\":\"https:\/\/blondinfortin.ca\/en\/awards-distinctions\/\",\"url\":\"https:\/\/blondinfortin.ca\/en\/awards-distinctions\/\",\"name\":\"Prizes and distinctions | BFA\",\"isPartOf\":{\"@id\":\"https:\/\/blondinfortin.ca\/en\/#website\"},\"datePublished\":\"2019-07-31T17:43:31+00:00\",\"dateModified\":\"2023-09-28T16:12:50+00:00\",\"description\":\"The prizes and distinctions won by our team of experts. BFA is a consulting engineering firm specialized in building.\",\"breadcrumb\":{\"@id\":\"https:\/\/blondinfortin.ca\/en\/awards-distinctions\/#breadcrumb\"},\"inLanguage\":\"en-US\",\"potentialAction\":[{\"@type\":\"ReadAction\",\"target\":[\"https:\/\/blondinfortin.ca\/en\/awards-distinctions\/\"]}]},{\"@type\":\"BreadcrumbList\",\"@id\":\"https:\/\/blondinfortin.ca\/en\/awards-distinctions\/#breadcrumb\",\"itemListElement\":[{\"@type\":\"ListItem\",\"position\":1,\"name\":\"Home\",\"item\":\"https:\/\/blondinfortin.ca\/en\/\"},{\"@type\":\"ListItem\",\"position\":2,\"name\":\"Awards \/ distinctions\"}]},{\"@type\":\"WebSite\",\"@id\":\"https:\/\/blondinfortin.ca\/en\/#website\",\"url\":\"https:\/\/blondinfortin.ca\/en\/\",\"name\":\"Blondin Fortin Associ\u00e9s\",\"description\":\"Ing\u00e9nieurs experts-conseils en b\u00e2timent\",\"publisher\":{\"@id\":\"https:\/\/blondinfortin.ca\/en\/#organization\"},\"potentialAction\":[{\"@type\":\"SearchAction\",\"target\":{\"@type\":\"EntryPoint\",\"urlTemplate\":\"https:\/\/blondinfortin.ca\/en\/?s={search_term_string}\"},\"query-input\":\"required name=search_term_string\"}],\"inLanguage\":\"en-US\"},{\"@type\":\"Organization\",\"@id\":\"https:\/\/blondinfortin.ca\/en\/#organization\",\"name\":\"Blondin Fortin Associ\u00e9s\",\"url\":\"https:\/\/blondinfortin.ca\/en\/\",\"logo\":{\"@type\":\"ImageObject\",\"inLanguage\":\"en-US\",\"@id\":\"https:\/\/blondinfortin.ca\/en\/#\/schema\/logo\/image\/\",\"url\":\"https:\/\/blondinfortin.ca\/wp-content\/uploads\/2019\/07\/blondin-fortin-logo.jpg\",\"contentUrl\":\"https:\/\/blondinfortin.ca\/wp-content\/uploads\/2019\/07\/blondin-fortin-logo.jpg\",\"width\":255,\"height\":150,\"caption\":\"Blondin Fortin Associ\u00e9s\"},\"image\":{\"@id\":\"https:\/\/blondinfortin.ca\/en\/#\/schema\/logo\/image\/\"}}]}<\/script>\n<!-- \/ Yoast SEO plugin. -->","yoast_head_json":{"title":"Prizes and distinctions | BFA","description":"The prizes and distinctions won by our team of experts. BFA is a consulting engineering firm specialized in building.","robots":{"index":"index","follow":"follow","max-snippet":"max-snippet:-1","max-image-preview":"max-image-preview:large","max-video-preview":"max-video-preview:-1"},"canonical":"https:\/\/blondinfortin.ca\/en\/awards-distinctions\/","og_locale":"en_US","og_type":"article","og_title":"Prizes and distinctions | BFA","og_description":"The prizes and distinctions won by our team of experts. BFA is a consulting engineering firm specialized in building.","og_url":"https:\/\/blondinfortin.ca\/en\/awards-distinctions\/","og_site_name":"Blondin Fortin Associ\u00e9s","article_modified_time":"2023-09-28T16:12:50+00:00","twitter_card":"summary_large_image","twitter_misc":{"Est. reading time":"1 minute"},"schema":{"@context":"https:\/\/schema.org","@graph":[{"@type":"WebPage","@id":"https:\/\/blondinfortin.ca\/en\/awards-distinctions\/","url":"https:\/\/blondinfortin.ca\/en\/awards-distinctions\/","name":"Prizes and distinctions | BFA","isPartOf":{"@id":"https:\/\/blondinfortin.ca\/en\/#website"},"datePublished":"2019-07-31T17:43:31+00:00","dateModified":"2023-09-28T16:12:50+00:00","description":"The prizes and distinctions won by our team of experts. BFA is a consulting engineering firm specialized in building.","breadcrumb":{"@id":"https:\/\/blondinfortin.ca\/en\/awards-distinctions\/#breadcrumb"},"inLanguage":"en-US","potentialAction":[{"@type":"ReadAction","target":["https:\/\/blondinfortin.ca\/en\/awards-distinctions\/"]}]},{"@type":"BreadcrumbList","@id":"https:\/\/blondinfortin.ca\/en\/awards-distinctions\/#breadcrumb","itemListElement":[{"@type":"ListItem","position":1,"name":"Home","item":"https:\/\/blondinfortin.ca\/en\/"},{"@type":"ListItem","position":2,"name":"Awards \/ distinctions"}]},{"@type":"WebSite","@id":"https:\/\/blondinfortin.ca\/en\/#website","url":"https:\/\/blondinfortin.ca\/en\/","name":"Blondin Fortin Associ\u00e9s","description":"Ing\u00e9nieurs experts-conseils en b\u00e2timent","publisher":{"@id":"https:\/\/blondinfortin.ca\/en\/#organization"},"potentialAction":[{"@type":"SearchAction","target":{"@type":"EntryPoint","urlTemplate":"https:\/\/blondinfortin.ca\/en\/?s={search_term_string}"},"query-input":"required name=search_term_string"}],"inLanguage":"en-US"},{"@type":"Organization","@id":"https:\/\/blondinfortin.ca\/en\/#organization","name":"Blondin Fortin Associ\u00e9s","url":"https:\/\/blondinfortin.ca\/en\/","logo":{"@type":"ImageObject","inLanguage":"en-US","@id":"https:\/\/blondinfortin.ca\/en\/#\/schema\/logo\/image\/","url":"https:\/\/blondinfortin.ca\/wp-content\/uploads\/2019\/07\/blondin-fortin-logo.jpg","contentUrl":"https:\/\/blondinfortin.ca\/wp-content\/uploads\/2019\/07\/blondin-fortin-logo.jpg","width":255,"height":150,"caption":"Blondin Fortin Associ\u00e9s"},"image":{"@id":"https:\/\/blondinfortin.ca\/en\/#\/schema\/logo\/image\/"}}]}},"_links":{"self":[{"href":"https:\/\/blondinfortin.ca\/en\/wp-json\/wp\/v2\/pages\/1637"}],"collection":[{"href":"https:\/\/blondinfortin.ca\/en\/wp-json\/wp\/v2\/pages"}],"about":[{"href":"https:\/\/blondinfortin.ca\/en\/wp-json\/wp\/v2\/types\/page"}],"author":[{"embeddable":true,"href":"https:\/\/blondinfortin.ca\/en\/wp-json\/wp\/v2\/users\/10"}],"replies":[{"embeddable":true,"href":"https:\/\/blondinfortin.ca\/en\/wp-json\/wp\/v2\/comments?post=1637"}],"version-history":[{"count":9,"href":"https:\/\/blondinfortin.ca\/en\/wp-json\/wp\/v2\/pages\/1637\/revisions"}],"predecessor-version":[{"id":3381,"href":"https:\/\/blondinfortin.ca\/en\/wp-json\/wp\/v2\/pages\/1637\/revisions\/3381"}],"wp:attachment":[{"href":"https:\/\/blondinfortin.ca\/en\/wp-json\/wp\/v2\/media?parent=1637"}],"curies":[{"name":"wp","href":"https:\/\/api.w.org\/{rel}","templated":true}]}}